{"id":1317,"date":"2016-10-31T20:01:18","date_gmt":"2016-10-31T20:01:18","guid":{"rendered":"https:\/\/anadelalberti.com\/media\/?lang=es"},"modified":"2016-11-09T16:33:00","modified_gmt":"2016-11-09T16:33:00","slug":"media","status":"publish","type":"page","link":"https:\/\/anadelalberti.com\/es\/media\/","title":{"rendered":"Prensa"},"content":{"rendered":"<p>[et_pb_section admin_label=\u00bbsection\u00bb][et_pb_row admin_label=\u00bbrow\u00bb][et_pb_column type=\u00bb2_3&#8243;][et_pb_blog admin_label=\u00bbBlog\u00bb fullwidth=\u00bboff\u00bb posts_number=\u00bb8&#8243; include_categories=\u00bb77&#8243; show_thumbnail=\u00bbon\u00bb show_content=\u00bboff\u00bb show_more=\u00bboff\u00bb show_author=\u00bboff\u00bb show_date=\u00bbon\u00bb show_categories=\u00bbon\u00bb show_comments=\u00bbon\u00bb show_pagination=\u00bbon\u00bb offset_number=\u00bb0&#8243; use_overlay=\u00bboff\u00bb background_layout=\u00bblight\u00bb use_dropshadow=\u00bboff\u00bb use_border_color=\u00bboff\u00bb border_color=\u00bb#ffffff\u00bb border_style=\u00bbsolid\u00bb] [\/et_pb_blog][\/et_pb_column][et_pb_column type=\u00bb1_3&#8243;][et_pb_sidebar admin_label=\u00bbSidebar &#8211; Espa\u00f1ol\u00bb global_module=\u00bb1346&#8243; saved_tabs=\u00bball\u00bb orientation=\u00bbright\u00bb area=\u00bbet_pb_widget_area_2&#8243; background_layout=\u00bblight\u00bb remove_border=\u00bbon\u00bb \/][\/et_pb_column][\/et_pb_row][\/et_pb_section][et_pb_section admin_label=\u00bbsection\u00bb global_module=\u00bb1134&#8243; transparent_background=\u00bboff\u00bb allow_player_pause=\u00bboff\u00bb inner_shadow=\u00bboff\u00bb parallax=\u00bboff\u00bb parallax_method=\u00bbon\u00bb padding_mobile=\u00bboff\u00bb make_fullwidth=\u00bboff\u00bb use_custom_width=\u00bboff\u00bb width_unit=\u00bboff\u00bb make_equal=\u00bboff\u00bb use_custom_gutter=\u00bboff\u00bb fullwidth=\u00bboff\u00bb specialty=\u00bboff\u00bb parallax_1=\u00bboff\u00bb parallax_2=\u00bboff\u00bb parallax_3=\u00bboff\u00bb parallax_method_1=\u00bbon\u00bb parallax_method_2=\u00bbon\u00bb parallax_method_3=\u00bbon\u00bb custom_css_main_element=\u00bbbackground-image: linear-gradient(-180deg, rgba(34,31,31,0.86) 0%, #000000 100%);\u00bb disabled=\u00bboff\u00bb][et_pb_row global_parent=\u00bb1134&#8243; admin_label=\u00bbrow\u00bb make_fullwidth=\u00bboff\u00bb use_custom_width=\u00bboff\u00bb width_unit=\u00bboff\u00bb custom_width_px=\u00bb1080px\u00bb custom_width_percent=\u00bb80%\u00bb use_custom_gutter=\u00bboff\u00bb gutter_width=\u00bb3&#8243; padding_mobile=\u00bboff\u00bb allow_player_pause=\u00bboff\u00bb parallax=\u00bboff\u00bb parallax_method=\u00bbon\u00bb make_equal=\u00bboff\u00bb column_padding_mobile=\u00bbon\u00bb parallax_1=\u00bboff\u00bb parallax_method_1=\u00bbon\u00bb parallax_2=\u00bboff\u00bb parallax_method_2=\u00bbon\u00bb parallax_3=\u00bboff\u00bb parallax_method_3=\u00bbon\u00bb parallax_4=\u00bboff\u00bb parallax_method_4=\u00bbon\u00bb disabled=\u00bboff\u00bb][et_pb_column type=\u00bb1_3&#8243;][et_pb_text global_parent=\u00bb1134&#8243; admin_label=\u00bbText\u00bb background_layout=\u00bbdark\u00bb text_orientation=\u00bbleft\u00bb header_font=\u00bb||||on\u00bb header_font_size=\u00bb23px\u00bb use_border_color=\u00bboff\u00bb border_style=\u00bbsolid\u00bb disabled=\u00bboff\u00bb border_color=\u00bb#ffffff\u00bb]<\/p>\n<h1>SOBRE ANADEL<\/h1>\n<p>Con m\u00e1s de 8 a\u00f1os de experiencia en la industria del yoga y la vida hol\u00edstica, Anadel inspira, motiva, y gu\u00eda a personas y compa\u00f1\u00edas alrededor del mundo, ayud\u00e1ndolos a liberarse de situaciones y pensamientos t\u00f3xicos, creando un ambiente y estilo de vida basado en la felicidad y el bienestar. <span style=\"text-decoration: underline;\"><span style=\"color: #ffffff;\"><a style=\"color: #ffffff; text-decoration: underline;\" href=\"#\">m\u00e1s de Anadel<\/a><\/span><\/span> [\/et_pb_text][\/et_pb_column][et_pb_column type=\u00bb1_3&#8243;][et_pb_text global_parent=\u00bb1134&#8243; admin_label=\u00bbText\u00bb background_layout=\u00bbdark\u00bb text_orientation=\u00bbleft\u00bb header_font=\u00bb||||on\u00bb header_font_size=\u00bb23px\u00bb use_border_color=\u00bboff\u00bb border_style=\u00bbsolid\u00bb disabled=\u00bboff\u00bb border_color=\u00bb#ffffff\u00bb]<\/p>\n<h1>Recursos<\/h1>\n<ol style=\"list-style: none; float: left; padding-right: 35px;\">\n<li>Blog<\/li>\n<li>Eventos<\/li>\n<\/ol>\n<p>[\/et_pb_text][\/et_pb_column][et_pb_column type=\u00bb1_3&#8243;][et_pb_text global_parent=\u00bb1134&#8243; admin_label=\u00bbText\u00bb background_layout=\u00bbdark\u00bb text_orientation=\u00bbleft\u00bb header_font=\u00bb||||on\u00bb header_font_size=\u00bb23px\u00bb use_border_color=\u00bboff\u00bb border_style=\u00bbsolid\u00bb disabled=\u00bboff\u00bb border_color=\u00bb#ffffff\u00bb]<\/p>\n<h1>SUSCRIBETE<\/h1>\n<p>Suscr\u00edbete y recibe gratis 5 d\u00edas de entrenamiento de bienestar en tu correo electr\u00f3nico [mc4wp_form id=\u00bb83&#8243;] [\/et_pb_text][\/et_pb_column][\/et_pb_row][et_pb_row global_parent=\u00bb1134&#8243; admin_label=\u00bbrow\u00bb make_fullwidth=\u00bboff\u00bb use_custom_width=\u00bboff\u00bb width_unit=\u00bboff\u00bb custom_width_px=\u00bb1080px\u00bb custom_width_percent=\u00bb80%\u00bb use_custom_gutter=\u00bboff\u00bb gutter_width=\u00bb3&#8243; padding_mobile=\u00bboff\u00bb allow_player_pause=\u00bboff\u00bb parallax=\u00bboff\u00bb parallax_method=\u00bbon\u00bb make_equal=\u00bboff\u00bb column_padding_mobile=\u00bbon\u00bb parallax_1=\u00bboff\u00bb parallax_method_1=\u00bbon\u00bb parallax_2=\u00bboff\u00bb parallax_method_2=\u00bbon\u00bb parallax_3=\u00bboff\u00bb parallax_method_3=\u00bbon\u00bb parallax_4=\u00bboff\u00bb parallax_method_4=\u00bbon\u00bb disabled=\u00bboff\u00bb][et_pb_column type=\u00bb1_3&#8243;][et_pb_image global_parent=\u00bb1134&#8243; admin_label=\u00bbImage\u00bb src=\u00bbhttps:\/\/anadelalberti.com\/wp-content\/uploads\/2016\/10\/logo-white.png\u00bb show_in_lightbox=\u00bboff\u00bb url_new_window=\u00bboff\u00bb use_overlay=\u00bboff\u00bb animation=\u00bboff\u00bb sticky=\u00bboff\u00bb align=\u00bbleft\u00bb force_fullwidth=\u00bboff\u00bb always_center_on_mobile=\u00bboff\u00bb use_border_color=\u00bboff\u00bb border_color=\u00bb#ffffff\u00bb border_style=\u00bbsolid\u00bb disabled=\u00bboff\u00bb] [\/et_pb_image][et_pb_text global_parent=\u00bb1134&#8243; admin_label=\u00bbText\u00bb background_layout=\u00bbdark\u00bb text_orientation=\u00bbleft\u00bb use_border_color=\u00bboff\u00bb border_style=\u00bbsolid\u00bb disabled=\u00bboff\u00bb]<\/p>\n<p class=\"p1\"><span class=\"s1\">LAFstyle, LLC<\/span><\/p>\n<p>[\/et_pb_text][\/et_pb_column][et_pb_column type=\u00bb1_3&#8243;][et_pb_text global_parent=\u00bb1134&#8243; admin_label=\u00bbText\u00bb background_layout=\u00bbdark\u00bb text_orientation=\u00bbleft\u00bb header_font=\u00bb||||on\u00bb header_font_size=\u00bb23px\u00bb use_border_color=\u00bboff\u00bb border_style=\u00bbsolid\u00bb custom_margin=\u00bb||10px|\u00bb disabled=\u00bboff\u00bb border_color=\u00bb#ffffff\u00bb]<\/p>\n<h1>Sigueme<\/h1>\n<p>[\/et_pb_text][et_pb_social_media_follow global_parent=\u00bb1134&#8243; admin_label=\u00bbSocial Media Follow\u00bb link_shape=\u00bbcircle\u00bb background_layout=\u00bbdark\u00bb url_new_window=\u00bbon\u00bb follow_button=\u00bboff\u00bb disabled=\u00bboff\u00bb] [et_pb_social_media_follow_network social_network=\u00bbfacebook\u00bb url=\u00bbhttps:\/\/www.facebook.com\/anadelalberti\/\u00bb skype_action=\u00bbcall\u00bb bg_color=\u00bbrgba(59,89,152,0)\u00bb disabled=\u00bboff\u00bb link_shape=\u00bbcircle\u00bb follow_button=\u00bboff\u00bb url_new_window=\u00bbon\u00bb] facebook [\/et_pb_social_media_follow_network][et_pb_social_media_follow_network social_network=\u00bbinstagram\u00bb url=\u00bbhttps:\/\/www.instagram.com\/anadelalberti\/\u00bb skype_action=\u00bbcall\u00bb bg_color=\u00bbrgba(81,127,164,0)\u00bb disabled=\u00bboff\u00bb link_shape=\u00bbcircle\u00bb follow_button=\u00bboff\u00bb url_new_window=\u00bbon\u00bb] Instagram [\/et_pb_social_media_follow_network][et_pb_social_media_follow_network social_network=\u00bbtwitter\u00bb url=\u00bbhttps:\/\/twitter.com\/anadelalberti\u00bb skype_action=\u00bbcall\u00bb bg_color=\u00bbrgba(0,172,237,0.02)\u00bb disabled=\u00bboff\u00bb link_shape=\u00bbcircle\u00bb follow_button=\u00bboff\u00bb url_new_window=\u00bbon\u00bb] Twitter [\/et_pb_social_media_follow_network][et_pb_social_media_follow_network social_network=\u00bblinkedin\u00bb url=\u00bbhttps:\/\/www.linkedin.com\/in\/anadelalberti\u00bb skype_action=\u00bbcall\u00bb bg_color=\u00bbrgba(0,123,182,0)\u00bb disabled=\u00bboff\u00bb link_shape=\u00bbcircle\u00bb follow_button=\u00bboff\u00bb url_new_window=\u00bbon\u00bb] LinkedIn [\/et_pb_social_media_follow_network][et_pb_social_media_follow_network social_network=\u00bbyoutube\u00bb url=\u00bbhttps:\/\/www.youtube.com\/channel\/UCk8dNTDww2Zy_3MZZPORvSQ\u00bb skype_action=\u00bbcall\u00bb bg_color=\u00bbrgba(168,168,168,0)\u00bb disabled=\u00bboff\u00bb link_shape=\u00bbcircle\u00bb follow_button=\u00bboff\u00bb url_new_window=\u00bbon\u00bb] Youtube [\/et_pb_social_media_follow_network] [\/et_pb_social_media_follow][\/et_pb_column][et_pb_column type=\u00bb1_3&#8243;][et_pb_text global_parent=\u00bb1134&#8243; admin_label=\u00bbText\u00bb background_layout=\u00bbdark\u00bb text_orientation=\u00bbleft\u00bb use_border_color=\u00bboff\u00bb border_style=\u00bbsolid\u00bb disabled=\u00bboff\u00bb border_color=\u00bb#ffffff\u00bb] Copyright \u00a9 2016 LAFstyle, LLC Todos los derechos reservados [\/et_pb_text][\/et_pb_column][\/et_pb_row][\/et_pb_section]<\/p>\n","protected":false},"excerpt":{"rendered":"<p>SOBRE ANADEL Con m\u00e1s de 8 a\u00f1os de experiencia en la industria del yoga y la vida hol\u00edstica, Anadel inspira, motiva, y gu\u00eda a personas y compa\u00f1\u00edas alrededor del mundo, ayud\u00e1ndolos a liberarse de situaciones y pensamientos t\u00f3xicos, creando un ambiente y estilo de vida basado en la felicidad y el bienestar. m\u00e1s de Anadel [&hellip;]<\/p>\n","protected":false},"author":2,"featured_media":0,"parent":0,"menu_order":0,"comment_status":"closed","ping_status":"closed","template":"","meta":{"_et_pb_use_builder":"on","_et_pb_old_content":"","_et_gb_content_width":"","_exactmetrics_skip_tracking":false,"_exactmetrics_sitenote_active":false,"_exactmetrics_sitenote_note":"","_exactmetrics_sitenote_category":0,"footnotes":""},"class_list":["post-1317","page","type-page","status-publish","hentry"],"yoast_head":"<!-- This site is optimized with the Yoast SEO plugin v27.4 - https:\/\/yoast.com\/product\/yoast-seo-wordpress\/ -->\n<title>Prensa - Anadel Alberti<\/title>\n<meta name=\"robots\" content=\"index, follow, max-snippet:-1, max-image-preview:large, max-video-preview:-1\" \/>\n<link rel=\"canonical\" href=\"https:\/\/anadelalberti.com\/es\/media\/\" \/>\n<meta property=\"og:locale\" content=\"es_ES\" \/>\n<meta property=\"og:type\" content=\"article\" \/>\n<meta property=\"og:title\" content=\"Prensa - Anadel Alberti\" \/>\n<meta property=\"og:description\" content=\"SOBRE ANADEL Con m\u00e1s de 8 a\u00f1os de experiencia en la industria del yoga y la vida hol\u00edstica, Anadel inspira, motiva, y gu\u00eda a personas y compa\u00f1\u00edas alrededor del mundo, ayud\u00e1ndolos a liberarse de situaciones y pensamientos t\u00f3xicos, creando un ambiente y estilo de vida basado en la felicidad y el bienestar. m\u00e1s de Anadel [&hellip;]\" \/>\n<meta property=\"og:url\" content=\"https:\/\/anadelalberti.com\/es\/media\/\" \/>\n<meta property=\"og:site_name\" content=\"Anadel Alberti\" \/>\n<meta property=\"article:publisher\" content=\"https:\/\/www.facebook.com\/anadelalberti\/\" \/>\n<meta property=\"article:modified_time\" content=\"2016-11-09T16:33:00+00:00\" \/>\n<meta name=\"twitter:card\" content=\"summary_large_image\" \/>\n<meta name=\"twitter:site\" content=\"@anadelalberti\" \/>\n<meta name=\"twitter:label1\" content=\"Tiempo de lectura\" \/>\n\t<meta name=\"twitter:data1\" content=\"5 minutos\" \/>\n<script type=\"application\/ld+json\" class=\"yoast-schema-graph\">{\"@context\":\"https:\\\/\\\/schema.org\",\"@graph\":[{\"@type\":\"WebPage\",\"@id\":\"https:\\\/\\\/anadelalberti.com\\\/es\\\/media\\\/\",\"url\":\"https:\\\/\\\/anadelalberti.com\\\/es\\\/media\\\/\",\"name\":\"Prensa - Anadel Alberti\",\"isPartOf\":{\"@id\":\"https:\\\/\\\/anadelalberti.com\\\/es\\\/#website\"},\"datePublished\":\"2016-10-31T20:01:18+00:00\",\"dateModified\":\"2016-11-09T16:33:00+00:00\",\"inLanguage\":\"es\",\"potentialAction\":[{\"@type\":\"ReadAction\",\"target\":[\"https:\\\/\\\/anadelalberti.com\\\/es\\\/media\\\/\"]}]},{\"@type\":\"WebSite\",\"@id\":\"https:\\\/\\\/anadelalberti.com\\\/es\\\/#website\",\"url\":\"https:\\\/\\\/anadelalberti.com\\\/es\\\/\",\"name\":\"Anadel Alberti\",\"description\":\"WELLNESS &amp; HAPPINESS AMBASSADOR\",\"potentialAction\":[{\"@type\":\"SearchAction\",\"target\":{\"@type\":\"EntryPoint\",\"urlTemplate\":\"https:\\\/\\\/anadelalberti.com\\\/es\\\/?s={search_term_string}\"},\"query-input\":{\"@type\":\"PropertyValueSpecification\",\"valueRequired\":true,\"valueName\":\"search_term_string\"}}],\"inLanguage\":\"es\"}]}<\/script>\n<!-- \/ Yoast SEO plugin. -->","yoast_head_json":{"title":"Prensa - Anadel Alberti","robots":{"index":"index","follow":"follow","max-snippet":"max-snippet:-1","max-image-preview":"max-image-preview:large","max-video-preview":"max-video-preview:-1"},"canonical":"https:\/\/anadelalberti.com\/es\/media\/","og_locale":"es_ES","og_type":"article","og_title":"Prensa - Anadel Alberti","og_description":"SOBRE ANADEL Con m\u00e1s de 8 a\u00f1os de experiencia en la industria del yoga y la vida hol\u00edstica, Anadel inspira, motiva, y gu\u00eda a personas y compa\u00f1\u00edas alrededor del mundo, ayud\u00e1ndolos a liberarse de situaciones y pensamientos t\u00f3xicos, creando un ambiente y estilo de vida basado en la felicidad y el bienestar. m\u00e1s de Anadel [&hellip;]","og_url":"https:\/\/anadelalberti.com\/es\/media\/","og_site_name":"Anadel Alberti","article_publisher":"https:\/\/www.facebook.com\/anadelalberti\/","article_modified_time":"2016-11-09T16:33:00+00:00","twitter_card":"summary_large_image","twitter_site":"@anadelalberti","twitter_misc":{"Tiempo de lectura":"5 minutos"},"schema":{"@context":"https:\/\/schema.org","@graph":[{"@type":"WebPage","@id":"https:\/\/anadelalberti.com\/es\/media\/","url":"https:\/\/anadelalberti.com\/es\/media\/","name":"Prensa - Anadel Alberti","isPartOf":{"@id":"https:\/\/anadelalberti.com\/es\/#website"},"datePublished":"2016-10-31T20:01:18+00:00","dateModified":"2016-11-09T16:33:00+00:00","inLanguage":"es","potentialAction":[{"@type":"ReadAction","target":["https:\/\/anadelalberti.com\/es\/media\/"]}]},{"@type":"WebSite","@id":"https:\/\/anadelalberti.com\/es\/#website","url":"https:\/\/anadelalberti.com\/es\/","name":"Anadel Alberti","description":"WELLNESS &amp; HAPPINESS AMBASSADOR","potentialAction":[{"@type":"SearchAction","target":{"@type":"EntryPoint","urlTemplate":"https:\/\/anadelalberti.com\/es\/?s={search_term_string}"},"query-input":{"@type":"PropertyValueSpecification","valueRequired":true,"valueName":"search_term_string"}}],"inLanguage":"es"}]}},"_links":{"self":[{"href":"https:\/\/anadelalberti.com\/es\/wp-json\/wp\/v2\/pages\/1317","targetHints":{"allow":["GET"]}}],"collection":[{"href":"https:\/\/anadelalberti.com\/es\/wp-json\/wp\/v2\/pages"}],"about":[{"href":"https:\/\/anadelalberti.com\/es\/wp-json\/wp\/v2\/types\/page"}],"author":[{"embeddable":true,"href":"https:\/\/anadelalberti.com\/es\/wp-json\/wp\/v2\/users\/2"}],"replies":[{"embeddable":true,"href":"https:\/\/anadelalberti.com\/es\/wp-json\/wp\/v2\/comments?post=1317"}],"version-history":[{"count":4,"href":"https:\/\/anadelalberti.com\/es\/wp-json\/wp\/v2\/pages\/1317\/revisions"}],"predecessor-version":[{"id":1350,"href":"https:\/\/anadelalberti.com\/es\/wp-json\/wp\/v2\/pages\/1317\/revisions\/1350"}],"wp:attachment":[{"href":"https:\/\/anadelalberti.com\/es\/wp-json\/wp\/v2\/media?parent=1317"}],"curies":[{"name":"wp","href":"https:\/\/api.w.org\/{rel}","templated":true}]}}